{"id":2899,"date":"2026-04-04T15:35:00","date_gmt":"2026-04-04T15:35:00","guid":{"rendered":"https:\/\/brunett.shop\/?post_type=product&#038;p=2899"},"modified":"2026-04-04T15:35:03","modified_gmt":"2026-04-04T15:35:03","slug":"primer-elf-power-grip-verde-2","status":"publish","type":"product","link":"https:\/\/brunett.shop\/en\/product\/primer-elf-power-grip-verde-2\/","title":{"rendered":"Primer Elf Power Grip (Verde)"},"content":{"rendered":"<p>Power Grip Primerrnrn\u2022El primer n\u00famero 1 en Estados Unidos\u2728rnrn\u2022Base facial hidratante a base de gel que suaviza la piel mientras agarra tu maquillaje para un uso duradero\u2728rnrnPor qu\u00e9 te encantar\u00e1:rnrn- La imprimaci\u00f3n en gel adhesiva agarra el maquillaje para un uso duraderornrn- Hidrata la piel para un acabado h\u00famedornrn-La f\u00f3rmula transl\u00facida funciona en todos los tonos de pielrnrn-No comedog\u00e9nicornrn- Ideal para: pieles grasas, secas y mixtasrnrnConsigue un agarre de maquillaje que no se detendr\u00e1 con la imprimaci\u00f3n favorita de e.l.f.ies. La f\u00f3rmula de gel pegajoso bloquea el maquillaje en su lugar para un uso duradero mientras hidrata y suaviza la piel para un acabado h\u00famedo. Ideal para todos los tonos de piel, la ic\u00f3nica f\u00f3rmula verde se aplica clara.<\/p>","protected":false},"excerpt":{"rendered":"<p>Power Grip Primerrnrn\u2022El primer n\u00famero 1 en Estados Unidos\u2728rnrn\u2022Base facial hidratante a base de gel que suaviza la piel mientras agarra tu maquillaje para un uso duradero\u2728rnrnPor qu\u00e9 te encantar\u00e1:rnrn- La imprimaci\u00f3n en gel adhesiva agarra el maquillaje para un uso duraderornrn- Hidrata la piel para un acabado h\u00famedornrn-La f\u00f3rmula transl\u00facida funciona en todos los&#8230;<\/p>","protected":false},"featured_media":2879,"comment_status":"open","ping_status":"closed","template":"","meta":{"_bst_post_transparent":"","_bst_post_title":"","_bst_post_layout":"","_bst_post_sidebar_id":"","_bst_post_content_style":"","_bst_post_vertical_padding":"","_bst_post_feature":"","_bst_post_feature_position":"","_bst_post_header":false,"_bst_post_footer":false},"product_brand":[],"product_cat":[110,118],"product_tag":[],"product_brands":[],"class_list":{"0":"post-2899","1":"product","2":"type-product","3":"status-publish","4":"has-post-thumbnail","6":"product_cat-cosmeticos","7":"product_cat-primer","9":"first","10":"instock","11":"shipping-taxable","12":"purchasable","13":"product-type-simple","14":"entry","15":"content-bg","16":"loop-entry"},"_links":{"self":[{"href":"https:\/\/brunett.shop\/en\/wp-json\/wp\/v2\/product\/2899","targetHints":{"allow":["GET"]}}],"collection":[{"href":"https:\/\/brunett.shop\/en\/wp-json\/wp\/v2\/product"}],"about":[{"href":"https:\/\/brunett.shop\/en\/wp-json\/wp\/v2\/types\/product"}],"replies":[{"embeddable":true,"href":"https:\/\/brunett.shop\/en\/wp-json\/wp\/v2\/comments?post=2899"}],"wp:featuredmedia":[{"embeddable":true,"href":"https:\/\/brunett.shop\/en\/wp-json\/wp\/v2\/media\/2879"}],"wp:attachment":[{"href":"https:\/\/brunett.shop\/en\/wp-json\/wp\/v2\/media?parent=2899"}],"wp:term":[{"taxonomy":"product_brand","embeddable":true,"href":"https:\/\/brunett.shop\/en\/wp-json\/wp\/v2\/product_brand?post=2899"},{"taxonomy":"product_cat","embeddable":true,"href":"https:\/\/brunett.shop\/en\/wp-json\/wp\/v2\/product_cat?post=2899"},{"taxonomy":"product_tag","embeddable":true,"href":"https:\/\/brunett.shop\/en\/wp-json\/wp\/v2\/product_tag?post=2899"},{"taxonomy":"product_brands","embeddable":true,"href":"https:\/\/brunett.shop\/en\/wp-json\/wp\/v2\/product_brands?post=2899"}],"curies":[{"name":"wp","href":"https:\/\/api.w.org\/{rel}","templated":true}]}}