{"id":2982,"date":"2026-04-04T19:18:01","date_gmt":"2026-04-04T19:18:01","guid":{"rendered":"https:\/\/brunett.shop\/product\/gel-de-cejas-rare-beauty-2\/"},"modified":"2026-04-04T19:18:01","modified_gmt":"2026-04-04T19:18:01","slug":"gel-de-cejas-rare-beauty-2","status":"publish","type":"product","link":"https:\/\/brunett.shop\/en\/product\/gel-de-cejas-rare-beauty-2\/","title":{"rendered":"Gel de cejas rare beauty"},"content":{"rendered":"","protected":false},"excerpt":{"rendered":"<p>Gel de cejas transparente de Rare Beauty que moldea, suaviza, levanta y fija con una sujeci\u00f3n flexible durante todo el d\u00eda. Ideal para laminado perfecto, larga duraci\u00f3n, acabado mate y adecuado para cejas rebeldes. Contenido neto: 0.15 oz \/ 4.5 g.<\/p>","protected":false},"featured_media":2983,"comment_status":"open","ping_status":"closed","template":"","meta":{"_bst_post_transparent":"","_bst_post_title":"","_bst_post_layout":"","_bst_post_sidebar_id":"","_bst_post_content_style":"","_bst_post_vertical_padding":"","_bst_post_feature":"","_bst_post_feature_position":"","_bst_post_header":false,"_bst_post_footer":false},"product_brand":[],"product_cat":[110],"product_tag":[139,140,141,142,131],"product_brands":[],"class_list":{"0":"post-2982","1":"product","2":"type-product","3":"status-publish","4":"has-post-thumbnail","6":"product_cat-cosmeticos","7":"product_tag-cejas","8":"product_tag-gel","9":"product_tag-laminado","10":"product_tag-matte","11":"product_tag-rare-beauty","13":"first","14":"instock","15":"shipping-taxable","16":"purchasable","17":"product-type-simple","18":"entry","19":"content-bg","20":"loop-entry"},"_links":{"self":[{"href":"https:\/\/brunett.shop\/en\/wp-json\/wp\/v2\/product\/2982","targetHints":{"allow":["GET"]}}],"collection":[{"href":"https:\/\/brunett.shop\/en\/wp-json\/wp\/v2\/product"}],"about":[{"href":"https:\/\/brunett.shop\/en\/wp-json\/wp\/v2\/types\/product"}],"replies":[{"embeddable":true,"href":"https:\/\/brunett.shop\/en\/wp-json\/wp\/v2\/comments?post=2982"}],"wp:featuredmedia":[{"embeddable":true,"href":"https:\/\/brunett.shop\/en\/wp-json\/wp\/v2\/media\/2983"}],"wp:attachment":[{"href":"https:\/\/brunett.shop\/en\/wp-json\/wp\/v2\/media?parent=2982"}],"wp:term":[{"taxonomy":"product_brand","embeddable":true,"href":"https:\/\/brunett.shop\/en\/wp-json\/wp\/v2\/product_brand?post=2982"},{"taxonomy":"product_cat","embeddable":true,"href":"https:\/\/brunett.shop\/en\/wp-json\/wp\/v2\/product_cat?post=2982"},{"taxonomy":"product_tag","embeddable":true,"href":"https:\/\/brunett.shop\/en\/wp-json\/wp\/v2\/product_tag?post=2982"},{"taxonomy":"product_brands","embeddable":true,"href":"https:\/\/brunett.shop\/en\/wp-json\/wp\/v2\/product_brands?post=2982"}],"curies":[{"name":"wp","href":"https:\/\/api.w.org\/{rel}","templated":true}]}}