{"id":2986,"date":"2026-04-04T19:22:22","date_gmt":"2026-04-04T19:22:22","guid":{"rendered":"https:\/\/brunett.shop\/product\/skin1004-mascarilla-de-arcilla-centella\/"},"modified":"2026-04-04T20:48:47","modified_gmt":"2026-04-04T20:48:47","slug":"skin1004-mascarilla-de-arcilla-centella","status":"publish","type":"product","link":"https:\/\/brunett.shop\/en\/product\/skin1004-mascarilla-de-arcilla-centella\/","title":{"rendered":"Mascarilla de arcilla centella"},"content":{"rendered":"","protected":false},"excerpt":{"rendered":"<p>Mascarilla de arcilla en barra de SKIN1004 con Centella, formulada con 5 tipos de arcilla, incluyendo barro blanco y 18% de caol\u00edn. Penetra profundamente en los poros, eliminando impurezas, disolviendo comedones y tapones de grasa. Controla las gl\u00e1ndulas seb\u00e1ceas y ofrece una limpieza inmediata de puntos negros y blancos.<\/p>","protected":false},"featured_media":2987,"comment_status":"open","ping_status":"closed","template":"","meta":{"_bst_post_transparent":"","_bst_post_title":"","_bst_post_layout":"","_bst_post_sidebar_id":"","_bst_post_content_style":"","_bst_post_vertical_padding":"","_bst_post_feature":"","_bst_post_feature_position":"","_bst_post_header":false,"_bst_post_footer":false},"product_brand":[],"product_cat":[110],"product_tag":[144,145,143,147,149,148,146],"product_brands":[],"class_list":{"0":"post-2986","1":"product","2":"type-product","3":"status-publish","4":"has-post-thumbnail","6":"product_cat-cosmeticos","7":"product_tag-arcilla","8":"product_tag-centella","9":"product_tag-mascarilla","10":"product_tag-poros","11":"product_tag-puntos-blancos","12":"product_tag-puntos-negros","13":"product_tag-skin1004","15":"first","16":"instock","17":"shipping-taxable","18":"purchasable","19":"product-type-simple","20":"entry","21":"content-bg","22":"loop-entry"},"_links":{"self":[{"href":"https:\/\/brunett.shop\/en\/wp-json\/wp\/v2\/product\/2986","targetHints":{"allow":["GET"]}}],"collection":[{"href":"https:\/\/brunett.shop\/en\/wp-json\/wp\/v2\/product"}],"about":[{"href":"https:\/\/brunett.shop\/en\/wp-json\/wp\/v2\/types\/product"}],"replies":[{"embeddable":true,"href":"https:\/\/brunett.shop\/en\/wp-json\/wp\/v2\/comments?post=2986"}],"wp:featuredmedia":[{"embeddable":true,"href":"https:\/\/brunett.shop\/en\/wp-json\/wp\/v2\/media\/2987"}],"wp:attachment":[{"href":"https:\/\/brunett.shop\/en\/wp-json\/wp\/v2\/media?parent=2986"}],"wp:term":[{"taxonomy":"product_brand","embeddable":true,"href":"https:\/\/brunett.shop\/en\/wp-json\/wp\/v2\/product_brand?post=2986"},{"taxonomy":"product_cat","embeddable":true,"href":"https:\/\/brunett.shop\/en\/wp-json\/wp\/v2\/product_cat?post=2986"},{"taxonomy":"product_tag","embeddable":true,"href":"https:\/\/brunett.shop\/en\/wp-json\/wp\/v2\/product_tag?post=2986"},{"taxonomy":"product_brands","embeddable":true,"href":"https:\/\/brunett.shop\/en\/wp-json\/wp\/v2\/product_brands?post=2986"}],"curies":[{"name":"wp","href":"https:\/\/api.w.org\/{rel}","templated":true}]}}