{"id":2990,"date":"2026-04-04T19:30:49","date_gmt":"2026-04-04T19:30:49","guid":{"rendered":"https:\/\/brunett.shop\/product\/soothing-barrier-support-serum\/"},"modified":"2026-04-04T20:46:14","modified_gmt":"2026-04-04T20:46:14","slug":"soothing-barrier-support-serum","status":"publish","type":"product","link":"https:\/\/brunett.shop\/en\/product\/soothing-barrier-support-serum\/","title":{"rendered":"Serum soothing &#038; barrier support"},"content":{"rendered":"","protected":false},"excerpt":{"rendered":"<p>Repara y fortalece la barrera cut\u00e1nea: el suero calmante y de soporte de barrera ayuda a recuperar la barrera cut\u00e1nea en solo 2 horas. Reduce el enrojecimiento y las molestias. Aumento de la hidrataci\u00f3n inmediata: proporciona un aumento del 86% en la hidrataci\u00f3n despu\u00e9s de un solo uso, con humedad que dura todo el d\u00eda. F\u00f3rmula multiactiva: contiene vitamina B12, derivados del \u00e1cido g\u00e1lico, niacinamida, ceramidas y centella asi\u00e1tica para proteger, hidratar y calmar la piel. INSTRUCCIONES DE APLICACI\u00d3N: Aplicar unas gotas en la cara por la ma\u00f1ana y por la noche. Prueba de parche antes de usar y evitar la piel rota.<\/p>","protected":false},"featured_media":2991,"comment_status":"open","ping_status":"closed","template":"","meta":{"_bst_post_transparent":"","_bst_post_title":"","_bst_post_layout":"","_bst_post_sidebar_id":"","_bst_post_content_style":"","_bst_post_vertical_padding":"","_bst_post_feature":"","_bst_post_feature_position":"","_bst_post_header":false,"_bst_post_footer":false},"product_brand":[],"product_cat":[110],"product_tag":[],"product_brands":[],"class_list":{"0":"post-2990","1":"product","2":"type-product","3":"status-publish","4":"has-post-thumbnail","6":"product_cat-cosmeticos","8":"first","9":"instock","10":"shipping-taxable","11":"purchasable","12":"product-type-simple","13":"entry","14":"content-bg","15":"loop-entry"},"_links":{"self":[{"href":"https:\/\/brunett.shop\/en\/wp-json\/wp\/v2\/product\/2990","targetHints":{"allow":["GET"]}}],"collection":[{"href":"https:\/\/brunett.shop\/en\/wp-json\/wp\/v2\/product"}],"about":[{"href":"https:\/\/brunett.shop\/en\/wp-json\/wp\/v2\/types\/product"}],"replies":[{"embeddable":true,"href":"https:\/\/brunett.shop\/en\/wp-json\/wp\/v2\/comments?post=2990"}],"wp:featuredmedia":[{"embeddable":true,"href":"https:\/\/brunett.shop\/en\/wp-json\/wp\/v2\/media\/2991"}],"wp:attachment":[{"href":"https:\/\/brunett.shop\/en\/wp-json\/wp\/v2\/media?parent=2990"}],"wp:term":[{"taxonomy":"product_brand","embeddable":true,"href":"https:\/\/brunett.shop\/en\/wp-json\/wp\/v2\/product_brand?post=2990"},{"taxonomy":"product_cat","embeddable":true,"href":"https:\/\/brunett.shop\/en\/wp-json\/wp\/v2\/product_cat?post=2990"},{"taxonomy":"product_tag","embeddable":true,"href":"https:\/\/brunett.shop\/en\/wp-json\/wp\/v2\/product_tag?post=2990"},{"taxonomy":"product_brands","embeddable":true,"href":"https:\/\/brunett.shop\/en\/wp-json\/wp\/v2\/product_brands?post=2990"}],"curies":[{"name":"wp","href":"https:\/\/api.w.org\/{rel}","templated":true}]}}