{"id":2993,"date":"2026-04-04T19:33:34","date_gmt":"2026-04-04T19:33:34","guid":{"rendered":"https:\/\/brunett.shop\/product\/sgsheglam-delineador-plumon-eye-affinity-waterproof-eyeliner\/"},"modified":"2026-04-04T20:48:24","modified_gmt":"2026-04-04T20:48:24","slug":"sgsheglam-delineador-plumon-eye-affinity-waterproof-eyeliner","status":"publish","type":"product","link":"https:\/\/brunett.shop\/en\/product\/sgsheglam-delineador-plumon-eye-affinity-waterproof-eyeliner\/","title":{"rendered":"Delineador plum\u00f3n &#8211; Sheglam"},"content":{"rendered":"","protected":false},"excerpt":{"rendered":"<p>Punta plum\u00f3n. Acabado Matte. A prueba de agua. Larga duraci\u00f3n.<\/p>","protected":false},"featured_media":2994,"comment_status":"open","ping_status":"closed","template":"","meta":{"_bst_post_transparent":"","_bst_post_title":"","_bst_post_layout":"","_bst_post_sidebar_id":"","_bst_post_content_style":"","_bst_post_vertical_padding":"","_bst_post_feature":"","_bst_post_feature_position":"","_bst_post_header":false,"_bst_post_footer":false},"product_brand":[],"product_cat":[110],"product_tag":[150,154,142,151,152,153],"product_brands":[],"class_list":{"0":"post-2993","1":"product","2":"type-product","3":"status-publish","4":"has-post-thumbnail","6":"product_cat-cosmeticos","7":"product_tag-delineador","8":"product_tag-larga-duracion","9":"product_tag-matte","10":"product_tag-plumon","11":"product_tag-sheglam","12":"product_tag-waterproof","14":"first","15":"instock","16":"shipping-taxable","17":"purchasable","18":"product-type-simple","19":"entry","20":"content-bg","21":"loop-entry"},"_links":{"self":[{"href":"https:\/\/brunett.shop\/en\/wp-json\/wp\/v2\/product\/2993","targetHints":{"allow":["GET"]}}],"collection":[{"href":"https:\/\/brunett.shop\/en\/wp-json\/wp\/v2\/product"}],"about":[{"href":"https:\/\/brunett.shop\/en\/wp-json\/wp\/v2\/types\/product"}],"replies":[{"embeddable":true,"href":"https:\/\/brunett.shop\/en\/wp-json\/wp\/v2\/comments?post=2993"}],"wp:featuredmedia":[{"embeddable":true,"href":"https:\/\/brunett.shop\/en\/wp-json\/wp\/v2\/media\/2994"}],"wp:attachment":[{"href":"https:\/\/brunett.shop\/en\/wp-json\/wp\/v2\/media?parent=2993"}],"wp:term":[{"taxonomy":"product_brand","embeddable":true,"href":"https:\/\/brunett.shop\/en\/wp-json\/wp\/v2\/product_brand?post=2993"},{"taxonomy":"product_cat","embeddable":true,"href":"https:\/\/brunett.shop\/en\/wp-json\/wp\/v2\/product_cat?post=2993"},{"taxonomy":"product_tag","embeddable":true,"href":"https:\/\/brunett.shop\/en\/wp-json\/wp\/v2\/product_tag?post=2993"},{"taxonomy":"product_brands","embeddable":true,"href":"https:\/\/brunett.shop\/en\/wp-json\/wp\/v2\/product_brands?post=2993"}],"curies":[{"name":"wp","href":"https:\/\/api.w.org\/{rel}","templated":true}]}}