{"id":3173,"date":"2026-04-08T01:40:14","date_gmt":"2026-04-08T01:40:14","guid":{"rendered":"https:\/\/brunett.shop\/product\/laneige-bouncy-firm-lip-treatment\/"},"modified":"2026-04-08T01:40:14","modified_gmt":"2026-04-08T01:40:14","slug":"laneige-bouncy-firm-lip-treatment","status":"publish","type":"product","link":"https:\/\/brunett.shop\/en\/product\/laneige-bouncy-firm-lip-treatment\/","title":{"rendered":"Laneige bouncy &amp; firm lip treatment"},"content":{"rendered":"","protected":false},"excerpt":{"rendered":"<p>Elimina piel muerta, efecto relleno de labios, ideal para labios resecos y maltratados, devuelve la vida a la piel. Contiene \u00e1cido hialur\u00f3nico, Col\u00e1geno, escualano, vitamina E, etc.<\/p>","protected":false},"featured_media":3174,"comment_status":"open","ping_status":"closed","template":"","meta":{"_bst_post_transparent":"","_bst_post_title":"","_bst_post_layout":"","_bst_post_sidebar_id":"","_bst_post_content_style":"","_bst_post_vertical_padding":"","_bst_post_feature":"","_bst_post_feature_position":"","_bst_post_header":false,"_bst_post_footer":false},"product_brand":[],"product_cat":[119],"product_tag":[],"product_brands":[],"class_list":{"0":"post-3173","1":"product","2":"type-product","3":"status-publish","4":"has-post-thumbnail","6":"product_cat-labiales","8":"first","9":"instock","10":"shipping-taxable","11":"purchasable","12":"product-type-simple","13":"entry","14":"content-bg","15":"loop-entry"},"_links":{"self":[{"href":"https:\/\/brunett.shop\/en\/wp-json\/wp\/v2\/product\/3173","targetHints":{"allow":["GET"]}}],"collection":[{"href":"https:\/\/brunett.shop\/en\/wp-json\/wp\/v2\/product"}],"about":[{"href":"https:\/\/brunett.shop\/en\/wp-json\/wp\/v2\/types\/product"}],"replies":[{"embeddable":true,"href":"https:\/\/brunett.shop\/en\/wp-json\/wp\/v2\/comments?post=3173"}],"wp:featuredmedia":[{"embeddable":true,"href":"https:\/\/brunett.shop\/en\/wp-json\/wp\/v2\/media\/3174"}],"wp:attachment":[{"href":"https:\/\/brunett.shop\/en\/wp-json\/wp\/v2\/media?parent=3173"}],"wp:term":[{"taxonomy":"product_brand","embeddable":true,"href":"https:\/\/brunett.shop\/en\/wp-json\/wp\/v2\/product_brand?post=3173"},{"taxonomy":"product_cat","embeddable":true,"href":"https:\/\/brunett.shop\/en\/wp-json\/wp\/v2\/product_cat?post=3173"},{"taxonomy":"product_tag","embeddable":true,"href":"https:\/\/brunett.shop\/en\/wp-json\/wp\/v2\/product_tag?post=3173"},{"taxonomy":"product_brands","embeddable":true,"href":"https:\/\/brunett.shop\/en\/wp-json\/wp\/v2\/product_brands?post=3173"}],"curies":[{"name":"wp","href":"https:\/\/api.w.org\/{rel}","templated":true}]}}