{"id":3242,"date":"2026-04-08T02:26:25","date_gmt":"2026-04-08T02:26:25","guid":{"rendered":"https:\/\/brunett.shop\/product\/rimel-color-cafe-cyzone-magnetic-lash\/"},"modified":"2026-04-08T02:26:25","modified_gmt":"2026-04-08T02:26:25","slug":"rimel-color-cafe-cyzone-magnetic-lash","status":"publish","type":"product","link":"https:\/\/brunett.shop\/en\/product\/rimel-color-cafe-cyzone-magnetic-lash\/","title":{"rendered":"R\u00edmel color caf\u00e9 cyzone magnetic lash"},"content":{"rendered":"","protected":false},"excerpt":{"rendered":"<p>R\u00edmel Cyzone Magnetic Lash. Tono caf\u00e9 oscuro. Cepillo multiefecto que alarga (7X), aporta volumen (6X) y rizado (5X). A prueba de agua y sudor, sin grumos, con 24 horas de hidrataci\u00f3n y mayor duraci\u00f3n.<\/p>","protected":false},"featured_media":3243,"comment_status":"open","ping_status":"closed","template":"","meta":{"_bst_post_transparent":"","_bst_post_title":"","_bst_post_layout":"","_bst_post_sidebar_id":"","_bst_post_content_style":"","_bst_post_vertical_padding":"","_bst_post_feature":"","_bst_post_feature_position":"","_bst_post_header":false,"_bst_post_footer":false},"product_brand":[],"product_cat":[110],"product_tag":[196,194,195,112,193],"product_brands":[],"class_list":{"0":"post-3242","1":"product","2":"type-product","3":"status-publish","4":"has-post-thumbnail","6":"product_cat-cosmeticos","7":"product_tag-cafe","8":"product_tag-cyzone","9":"product_tag-magnetic-lash","10":"product_tag-mascara","11":"product_tag-rimel","13":"first","14":"instock","15":"shipping-taxable","16":"purchasable","17":"product-type-simple","18":"entry","19":"content-bg","20":"loop-entry"},"_links":{"self":[{"href":"https:\/\/brunett.shop\/en\/wp-json\/wp\/v2\/product\/3242","targetHints":{"allow":["GET"]}}],"collection":[{"href":"https:\/\/brunett.shop\/en\/wp-json\/wp\/v2\/product"}],"about":[{"href":"https:\/\/brunett.shop\/en\/wp-json\/wp\/v2\/types\/product"}],"replies":[{"embeddable":true,"href":"https:\/\/brunett.shop\/en\/wp-json\/wp\/v2\/comments?post=3242"}],"wp:featuredmedia":[{"embeddable":true,"href":"https:\/\/brunett.shop\/en\/wp-json\/wp\/v2\/media\/3243"}],"wp:attachment":[{"href":"https:\/\/brunett.shop\/en\/wp-json\/wp\/v2\/media?parent=3242"}],"wp:term":[{"taxonomy":"product_brand","embeddable":true,"href":"https:\/\/brunett.shop\/en\/wp-json\/wp\/v2\/product_brand?post=3242"},{"taxonomy":"product_cat","embeddable":true,"href":"https:\/\/brunett.shop\/en\/wp-json\/wp\/v2\/product_cat?post=3242"},{"taxonomy":"product_tag","embeddable":true,"href":"https:\/\/brunett.shop\/en\/wp-json\/wp\/v2\/product_tag?post=3242"},{"taxonomy":"product_brands","embeddable":true,"href":"https:\/\/brunett.shop\/en\/wp-json\/wp\/v2\/product_brands?post=3242"}],"curies":[{"name":"wp","href":"https:\/\/api.w.org\/{rel}","templated":true}]}}